{"id":1132,"date":"2024-08-12T23:06:28","date_gmt":"2024-08-13T03:06:28","guid":{"rendered":"https:\/\/www.helpforanxietydepression.com\/privacy-policy\/"},"modified":"2025-06-11T21:44:45","modified_gmt":"2025-06-12T01:44:45","slug":"politique-de-confidentialite","status":"publish","type":"page","link":"https:\/\/www.helpforanxietydepression.com\/fr\/politique-de-confidentialite\/","title":{"rendered":"Politique de confidentialit\u00e9"},"content":{"rendered":"[vc_row type=\u00a0\u00bbin_container\u00a0\u00bb full_screen_row_position=\u00a0\u00bbmiddle\u00a0\u00bb column_margin=\u00a0\u00bbdefault\u00a0\u00bb column_direction=\u00a0\u00bbdefault\u00a0\u00bb column_direction_tablet=\u00a0\u00bbdefault\u00a0\u00bb column_direction_phone=\u00a0\u00bbdefault\u00a0\u00bb scene_position=\u00a0\u00bbcenter\u00a0\u00bb text_color=\u00a0\u00bbdark\u00a0\u00bb text_align=\u00a0\u00bbleft\u00a0\u00bb row_border_radius=\u00a0\u00bbnone\u00a0\u00bb row_border_radius_applies=\u00a0\u00bbbg\u00a0\u00bb overflow=\u00a0\u00bbvisible\u00a0\u00bb overlay_strength=\u00a0\u00bb0.3&Prime; gradient_direction=\u00a0\u00bbleft_to_right\u00a0\u00bb shape_divider_position=\u00a0\u00bbbottom\u00a0\u00bb bg_image_animation=\u00a0\u00bbnone\u00a0\u00bb][vc_column column_padding=\u00a0\u00bbno-extra-padding\u00a0\u00bb column_padding_tablet=\u00a0\u00bbinherit\u00a0\u00bb column_padding_phone=\u00a0\u00bbinherit\u00a0\u00bb column_padding_position=\u00a0\u00bball\u00a0\u00bb column_element_direction_desktop=\u00a0\u00bbdefault\u00a0\u00bb column_element_spacing=\u00a0\u00bbdefault\u00a0\u00bb desktop_text_alignment=\u00a0\u00bbdefault\u00a0\u00bb tablet_text_alignment=\u00a0\u00bbdefault\u00a0\u00bb phone_text_alignment=\u00a0\u00bbdefault\u00a0\u00bb background_color_opacity=\u00a0\u00bb1&Prime; background_hover_color_opacity=\u00a0\u00bb1&Prime; column_backdrop_filter=\u00a0\u00bbnone\u00a0\u00bb column_shadow=\u00a0\u00bbnone\u00a0\u00bb column_border_radius=\u00a0\u00bbnone\u00a0\u00bb column_link_target=\u00a0\u00bb_self\u00a0\u00bb column_position=\u00a0\u00bbdefault\u00a0\u00bb gradient_direction=\u00a0\u00bbleft_to_right\u00a0\u00bb overlay_strength=\u00a0\u00bb0.3&Prime; width=\u00a0\u00bb1\/1&Prime; tablet_width_inherit=\u00a0\u00bbdefault\u00a0\u00bb animation_type=\u00a0\u00bbdefault\u00a0\u00bb bg_image_animation=\u00a0\u00bbnone\u00a0\u00bb border_type=\u00a0\u00bbsimple\u00a0\u00bb column_border_width=\u00a0\u00bbnone\u00a0\u00bb column_border_style=\u00a0\u00bbsolid\u00a0\u00bb][vc_custom_heading text=\u00a0\u00bbPolitique de confidentialit\u00e9\u00a0\u00bb use_theme_fonts=\u00a0\u00bbyes\u00a0\u00bb css=\u00a0\u00bb\u00a0\u00bb][divider line_type=\u00a0\u00bbFull Width Line\u00a0\u00bb line_thickness=\u00a0\u00bb1&Prime; divider_color=\u00a0\u00bbdefault\u00a0\u00bb][vc_column_text css=\u00a0\u00bb\u00a0\u00bb text_direction=\u00a0\u00bbdefault\u00a0\u00bb]\n<h3>1. Collecte minimale<\/h3>\n<p>Nous nous engageons \u00e0 recueillir uniquement le minimum d\u2019informations n\u00e9cessaires aupr\u00e8s de nos clients, et ce, uniquement dans la mesure o\u00f9 cela nous permet de leur offrir un meilleur service.<\/p>\n<h3>2. Consentement<\/h3>\n<p>En utilisant ce site web et en soumettant vos informations par l\u2019interm\u00e9diaire de formulaires de contact ou d\u2019autres moyens, vous consentez \u00e0 la collecte et \u00e0 l\u2019utilisation de vos renseignements personnels dans le but de r\u00e9pondre \u00e0 votre demande. Si nous vous demandons des renseignements personnels suppl\u00e9mentaires ou sensibles par le biais de ce site, nous expliquerons pourquoi ils sont n\u00e9cessaires, et en soumettant le formulaire, vous acceptez leur utilisation \u00e0 cette fin.<\/p>\n<h3>3. Utilisation des renseignements<\/h3>\n<p>Nous utilisons les renseignements personnels que vous fournissez uniquement aux fins pour lesquelles ils ont \u00e9t\u00e9 recueillis. Nous nous assurons que les visiteurs comprennent comment leurs informations seront utilis\u00e9es avant ou au moment de la collecte.<\/p>\n<h3>4. Divulgation \u00e0 des tiers<\/h3>\n<p>Nous ne divulguons, ne vendons, ne commercialisons ni ne conc\u00e9dons sous licence aucun renseignement personnel \u00e0 des tiers sans votre consentement. Toutefois, cette politique de confidentialit\u00e9 ne s\u2019applique pas aux sites externes accessibles par des liens depuis ce site. Nous ne sommes pas responsables des pratiques de confidentialit\u00e9 de ces sites.<\/p>\n<h3>5. Services tiers<\/h3>\n<p>Nous utilisons des services tiers pour soutenir certaines fonctions de notre site web :<\/p>\n<ul>\n<li>AWeber est utilis\u00e9 pour g\u00e9rer les abonnements \u00e0 l\u2019infolettre. Si vous choisissez de vous inscrire, les informations que vous soumettez sont recueillies et g\u00e9r\u00e9es directement par AWeber, conform\u00e9ment \u00e0 la politique de confidentialit\u00e9 d\u2019AWeber.<\/li>\n<li>OwlPractice est utilis\u00e9 pour la prise de rendez-vous et la gestion des clients. Toute information personnelle ou li\u00e9e \u00e0 la sant\u00e9 soumise par l\u2019interm\u00e9diaire d\u2019OwlPractice est trait\u00e9e conform\u00e9ment \u00e0 la politique de confidentialit\u00e9 d\u2019OwlPractice.<\/li>\n<\/ul>\n<p>Les renseignements personnels soumis par ces services sont recueillis et stock\u00e9s par ces fournisseurs (ex. : AWeber ou OwlPractice), et non sur ce site web. Veuillez consulter leurs politiques de confidentialit\u00e9 pour en savoir plus sur la gestion de vos renseignements.<\/p>\n<h3>6. Gestion des donn\u00e9es et acc\u00e8s<\/h3>\n<p>Lorsque vous soumettez un formulaire sur ce site web, vos informations peuvent \u00eatre temporairement stock\u00e9es afin d\u2019assurer une livraison et un suivi efficaces. Ces informations sont utilis\u00e9es uniquement pour r\u00e9pondre \u00e0 votre demande et ne sont pas partag\u00e9es avec des tiers. Les entr\u00e9es de formulaire sont supprim\u00e9es p\u00e9riodiquement et ne sont pas conserv\u00e9es plus longtemps que n\u00e9cessaire.<\/p>\n<h3>7. T\u00e9moins (cookies)<\/h3>\n<p>Nous utilisons des t\u00e9moins (cookies) pour comprendre comment les visiteurs interagissent avec notre site web, am\u00e9liorer sa performance et personnaliser le contenu. Ces t\u00e9moins peuvent recueillir des donn\u00e9es techniques comme le type de navigateur, des informations sur l\u2019appareil et les habitudes de navigation. Ces donn\u00e9es peuvent \u00eatre trait\u00e9es par des outils d\u2019analyse tiers et li\u00e9es \u00e0 votre adresse IP ou \u00e0 des identifiants d\u2019appareil. Vous pouvez ajuster les param\u00e8tres de votre navigateur pour d\u00e9sactiver ou g\u00e9rer les t\u00e9moins.<\/p>\n<h3>8. S\u00e9curit\u00e9 des donn\u00e9es<\/h3>\n<p>Toutes les informations soumises par l\u2019interm\u00e9diaire de ce site web sont transmises de mani\u00e8re s\u00e9curis\u00e9e \u00e0 l\u2019aide du chiffrement (HTTPS). Bien que nous prenions des pr\u00e9cautions raisonnables pour prot\u00e9ger vos renseignements, aucune m\u00e9thode de transmission sur Internet n\u2019est enti\u00e8rement s\u00e9curis\u00e9e.<\/p>\n<h3>9. Mise \u00e0 jour de la politique<\/h3>\n<p>Cette politique de confidentialit\u00e9 peut \u00eatre mise \u00e0 jour de temps \u00e0 autre. Toute modification sera affich\u00e9e sur cette page avec une date de r\u00e9vision mise \u00e0 jour.<\/p>\n<h3>10. Nous contacter<\/h3>\n<p>Si vous avez des questions concernant cette politique de confidentialit\u00e9, veuillez nous contacter au moyen du formulaire disponible sur ce site.<\/p>\n<p>Derni\u00e8re mise \u00e0 jour : 7 juin 2025[\/vc_column_text][\/vc_column][\/vc_row]\n","protected":false},"excerpt":{"rendered":"<p>[vc_row type=\u00a0\u00bbin_container\u00a0\u00bb full_screen_row_position=\u00a0\u00bbmiddle\u00a0\u00bb column_margin=\u00a0\u00bbdefault\u00a0\u00bb column_direction=\u00a0\u00bbdefault\u00a0\u00bb column_direction_tablet=\u00a0\u00bbdefault\u00a0\u00bb column_direction_phone=\u00a0\u00bbdefault\u00a0\u00bb scene_position=\u00a0\u00bbcenter\u00a0\u00bb text_color=\u00a0\u00bbdark\u00a0\u00bb text_align=\u00a0\u00bbleft\u00a0\u00bb row_border_radius=\u00a0\u00bbnone\u00a0\u00bb row_border_radius_applies=\u00a0\u00bbbg\u00a0\u00bb overflow=\u00a0\u00bbvisible\u00a0\u00bb overlay_strength=\u00a0\u00bb0.3&Prime; gradient_direction=\u00a0\u00bbleft_to_right\u00a0\u00bb shape_divider_position=\u00a0\u00bbbottom\u00a0\u00bb bg_image_animation=\u00a0\u00bbnone\u00a0\u00bb][vc_column column_padding=\u00a0\u00bbno-extra-padding\u00a0\u00bb column_padding_tablet=\u00a0\u00bbinherit\u00a0\u00bb column_padding_phone=\u00a0\u00bbinherit\u00a0\u00bb column_padding_position=\u00a0\u00bball\u00a0\u00bb column_element_direction_desktop=\u00a0\u00bbdefault\u00a0\u00bb column_element_spacing=\u00a0\u00bbdefault\u00a0\u00bb desktop_text_alignment=\u00a0\u00bbdefault\u00a0\u00bb tablet_text_alignment=\u00a0\u00bbdefault\u00a0\u00bb phone_text_alignment=\u00a0\u00bbdefault\u00a0\u00bb background_color_opacity=\u00a0\u00bb1&Prime; background_hover_color_opacity=\u00a0\u00bb1&Prime; column_backdrop_filter=\u00a0\u00bbnone\u00a0\u00bb column_shadow=\u00a0\u00bbnone\u00a0\u00bb&#8230;<\/p>\n","protected":false},"author":1,"featured_media":0,"parent":0,"menu_order":0,"comment_status":"closed","ping_status":"open","template":"","meta":{"footnotes":""},"class_list":["post-1132","page","type-page","status-publish"],"_links":{"self":[{"href":"https:\/\/www.helpforanxietydepression.com\/fr\/wp-json\/wp\/v2\/pages\/1132","targetHints":{"allow":["GET"]}}],"collection":[{"href":"https:\/\/www.helpforanxietydepression.com\/fr\/wp-json\/wp\/v2\/pages"}],"about":[{"href":"https:\/\/www.helpforanxietydepression.com\/fr\/wp-json\/wp\/v2\/types\/page"}],"author":[{"embeddable":true,"href":"https:\/\/www.helpforanxietydepression.com\/fr\/wp-json\/wp\/v2\/users\/1"}],"replies":[{"embeddable":true,"href":"https:\/\/www.helpforanxietydepression.com\/fr\/wp-json\/wp\/v2\/comments?post=1132"}],"version-history":[{"count":0,"href":"https:\/\/www.helpforanxietydepression.com\/fr\/wp-json\/wp\/v2\/pages\/1132\/revisions"}],"wp:attachment":[{"href":"https:\/\/www.helpforanxietydepression.com\/fr\/wp-json\/wp\/v2\/media?parent=1132"}],"curies":[{"name":"wp","href":"https:\/\/api.w.org\/{rel}","templated":true}]}}